{"id":16133,"date":"2023-06-03T18:23:26","date_gmt":"2023-06-03T18:23:26","guid":{"rendered":"https:\/\/www2.apd.mr\/fr\/?page_id=16133"},"modified":"2024-12-27T11:30:05","modified_gmt":"2024-12-27T11:30:05","slug":"lois","status":"publish","type":"page","link":"https:\/\/www.apd.mr\/fr\/lois\/","title":{"rendered":"Lois"},"content":{"rendered":"\t\t<div data-elementor-type=\"wp-page\" data-elementor-id=\"16133\" class=\"elementor elementor-16133\">\n\t\t\t\t\t\t<section class=\"wd-negative-gap elementor-section elementor-top-section elementor-element elementor-element-55d67a9 elementor-section-boxed elementor-section-height-default elementor-section-height-default\" data-id=\"55d67a9\" data-element_type=\"section\" data-e-type=\"section\">\n\t\t\t\t\t\t<div class=\"elementor-container elementor-column-gap-default\">\n\t\t\t\t\t<div class=\"elementor-column elementor-col-100 elementor-top-column elementor-element elementor-element-c5a7ecc\" data-id=\"c5a7ecc\" data-element_type=\"column\" data-e-type=\"column\">\n\t\t\t<div class=\"elementor-widget-wrap elementor-element-populated\">\n\t\t\t\t\t\t<div class=\"elementor-element elementor-element-4eb1548 elementor-widget elementor-widget-wd_text_block\" data-id=\"4eb1548\" data-element_type=\"widget\" data-e-type=\"widget\" data-widget_type=\"wd_text_block.default\">\n\t\t\t\t<div class=\"elementor-widget-container\">\n\t\t\t\t\t\t\t<div class=\"wd-text-block reset-last-child text-left\">\n\t\t\t\n\t\t\t<ul>\n<li>\n<h4><a href=\"https:\/\/www.apd.mr\/fr\/wp-content\/uploads\/2023\/10\/Loi-n\u00b0-2016-006-portant-loi-dorientation-de-la-Societe-dInformation.pdf\" target=\"_blank\" rel=\"noopener\">Loi n\u00b0 2016-006 portant loi d'orientation de la Soci\u00e9t\u00e9 d'Information<\/a><\/h4>\n<\/li>\n<li>\n<h4><a href=\"https:\/\/www.apd.mr\/fr\/wp-content\/uploads\/2023\/10\/Loi-n\u00b0-2016-007-relative-a-la-cybercriminalite.pdf\" target=\"_blank\" rel=\"noopener\">Loi n\u00b0 2016-007 relative \u00e0 la cybercriminalit\u00e9<\/a><\/h4>\n<\/li>\n<li>\n<h4><a href=\"https:\/\/www.apd.mr\/fr\/wp-content\/uploads\/2023\/10\/Loi-2017-020-sur-la-protection-des-donnees-a-caractere-personnel.pdf\" target=\"_blank\" rel=\"noopener\">Loi n\u00b0 2017-020 sur la protection des donn\u00e9es \u00e0 caract\u00e8re personnel<\/a><\/h4>\n<\/li>\n<li>\n<h4><a href=\"https:\/\/www.apd.mr\/fr\/wp-content\/uploads\/2023\/10\/Loi-2018-022-PR-portant-sur-les-transations-electroniques.pdf\" target=\"_blank\" rel=\"noopener\">Loi n\u00b0 2018-022 \/PR portant sur les transactions \u00e9lectroniques<\/a><\/h4>\n<\/li>\n<li>\n<h4><a href=\"https:\/\/www.apd.mr\/fr\/wp-content\/uploads\/2024\/04\/Loi-n\u00b0-2024-011-portant-sur-lidentification-des-abonnes-FR.pdf\" target=\"_blank\" rel=\"noopener\">Loi n\u00b0 2024-011\/PR\/ portant sur l'identification des abonn\u00e9s aux services de communications \u00e9lectroniques ouvertes au public et l'utilisation de ces services<\/a><\/h4>\n<\/li>\n<\/ul>\n\n\t\t\t\t\t<\/div>\n\t\t\t\t\t\t<\/div>\n\t\t\t\t<\/div>\n\t\t\t\t\t<\/div>\n\t\t<\/div>\n\t\t\t\t\t<\/div>\n\t\t<\/section>\n\t\t\t\t<\/div>\n\t\t","protected":false},"excerpt":{"rendered":"<p>Loi n\u00b0 2016-006 portant loi d&rsquo;orientation de la Soci\u00e9t\u00e9 d&rsquo;Information Loi n\u00b0 2016-007 relative \u00e0 la cybercriminalit\u00e9 Loi n\u00b0 2017-020<\/p>\n","protected":false},"author":2,"featured_media":0,"parent":0,"menu_order":0,"comment_status":"closed","ping_status":"closed","template":"","meta":{"inline_featured_image":false,"footnotes":""},"class_list":["post-16133","page","type-page","status-publish","hentry"],"_links":{"self":[{"href":"https:\/\/www.apd.mr\/fr\/wp-json\/wp\/v2\/pages\/16133","targetHints":{"allow":["GET"]}}],"collection":[{"href":"https:\/\/www.apd.mr\/fr\/wp-json\/wp\/v2\/pages"}],"about":[{"href":"https:\/\/www.apd.mr\/fr\/wp-json\/wp\/v2\/types\/page"}],"author":[{"embeddable":true,"href":"https:\/\/www.apd.mr\/fr\/wp-json\/wp\/v2\/users\/2"}],"replies":[{"embeddable":true,"href":"https:\/\/www.apd.mr\/fr\/wp-json\/wp\/v2\/comments?post=16133"}],"version-history":[{"count":35,"href":"https:\/\/www.apd.mr\/fr\/wp-json\/wp\/v2\/pages\/16133\/revisions"}],"predecessor-version":[{"id":18806,"href":"https:\/\/www.apd.mr\/fr\/wp-json\/wp\/v2\/pages\/16133\/revisions\/18806"}],"wp:attachment":[{"href":"https:\/\/www.apd.mr\/fr\/wp-json\/wp\/v2\/media?parent=16133"}],"curies":[{"name":"wp","href":"https:\/\/api.w.org\/{rel}","templated":true}]}}