{"id":16249,"date":"2023-06-06T09:45:36","date_gmt":"2023-06-06T09:45:36","guid":{"rendered":"https:\/\/www2.apd.mr\/fr\/?page_id=16249"},"modified":"2024-12-27T11:32:50","modified_gmt":"2024-12-27T11:32:50","slug":"formulaire-plainte","status":"publish","type":"page","link":"https:\/\/www.apd.mr\/fr\/formulaire-plainte\/","title":{"rendered":"Formulaire de plainte"},"content":{"rendered":"\t\t<div data-elementor-type=\"wp-post\" data-elementor-id=\"16249\" class=\"elementor elementor-16249\">\n\t\t\t\t\t\t<section class=\"wd-negative-gap elementor-section elementor-top-section elementor-element elementor-element-bf8f681 elementor-section-boxed elementor-section-height-default elementor-section-height-default\" data-id=\"bf8f681\" data-element_type=\"section\" data-e-type=\"section\">\n\t\t\t\t\t\t<div class=\"elementor-container elementor-column-gap-default\">\n\t\t\t\t\t<div class=\"elementor-column elementor-col-100 elementor-top-column elementor-element elementor-element-b8c3814\" data-id=\"b8c3814\" data-element_type=\"column\" data-e-type=\"column\">\n\t\t\t<div class=\"elementor-widget-wrap elementor-element-populated\">\n\t\t\t\t\t\t<div class=\"elementor-element elementor-element-5b0e161 elementor-widget elementor-widget-wd_text_block\" data-id=\"5b0e161\" data-element_type=\"widget\" data-e-type=\"widget\" data-widget_type=\"wd_text_block.default\">\n\t\t\t\t<div class=\"elementor-widget-container\">\n\t\t\t\t\t\t\t<div class=\"wd-text-block reset-last-child text-left\">\n\t\t\t\n\t\t\t<p style=\"text-align: justify;\">\u00a0\u00a0\u00a0\u00a0\u00a0\u00a0\u00a0 D'apr\u00e8s <a href=\"https:\/\/www.apd.mr\/fr\/wp-content\/uploads\/2023\/10\/Loi-2017-020-sur-la-protection-des-donnees-a-caractere-personnel.pdf#page=30\" target=\"_blank\" rel=\"noopener\">l'article 73, point 2.b, de la loi n\u00b02017-020 relative \u00e0 la protection des donn\u00e9es \u00e0 caract\u00e8re personnel<\/a>, l'Autorit\u00e9 de protection des donn\u00e9es \u00e0 caract\u00e8re personnel re\u00e7oit les r\u00e9clamations, les p\u00e9titions et les plaintes relatives \u00e0 la mise en \u0153uvre des traitements de donn\u00e9es \u00e0 caract\u00e8re personnel et informe leurs auteurs des suites donn\u00e9es \u00e0 celles-ci.<\/p>\n<p style=\"text-align: justify;\">\u00a0\u00a0\u00a0\u00a0\u00a0\u00a0\u00a0\u00a0Afin de faciliter le d\u00e9p\u00f4t des plaintes, l'Autorit\u00e9 met \u00e0 la disposition du public le formulaire ci-dessous.<\/p>\n\n\t\t\t\t\t<\/div>\n\t\t\t\t\t\t<\/div>\n\t\t\t\t<\/div>\n\t\t\t\t\t<\/div>\n\t\t<\/div>\n\t\t\t\t\t<\/div>\n\t\t<\/section>\n\t\t\t\t<section class=\"wd-negative-gap elementor-section elementor-top-section elementor-element elementor-element-84b6304 elementor-section-boxed elementor-section-height-default elementor-section-height-default\" data-id=\"84b6304\" data-element_type=\"section\" data-e-type=\"section\">\n\t\t\t\t\t\t<div class=\"elementor-container elementor-column-gap-default\">\n\t\t\t\t\t<div class=\"elementor-column elementor-col-100 elementor-top-column elementor-element elementor-element-e4f9189\" data-id=\"e4f9189\" data-element_type=\"column\" data-e-type=\"column\">\n\t\t\t<div class=\"elementor-widget-wrap elementor-element-populated\">\n\t\t\t\t\t\t<div class=\"elementor-element elementor-element-69386c6 elementor-icon-list--layout-traditional elementor-list-item-link-full_width elementor-widget elementor-widget-icon-list\" data-id=\"69386c6\" data-element_type=\"widget\" data-e-type=\"widget\" data-widget_type=\"icon-list.default\">\n\t\t\t\t<div class=\"elementor-widget-container\">\n\t\t\t\t\t\t\t<ul class=\"elementor-icon-list-items\">\n\t\t\t\t\t\t\t<li class=\"elementor-icon-list-item\">\n\t\t\t\t\t\t\t\t\t\t\t<a href=\"https:\/\/www.apd.mr\/fr\/wp-content\/uploads\/2024\/04\/FORMULAIRE-PLAINTE-1.pdf\">\n\n\t\t\t\t\t\t\t\t\t\t\t\t<span class=\"elementor-icon-list-icon\">\n\t\t\t\t\t\t\t<i aria-hidden=\"true\" class=\"far fa-file-pdf\"><\/i>\t\t\t\t\t\t<\/span>\n\t\t\t\t\t\t\t\t\t\t<span class=\"elementor-icon-list-text\">Formulaire de plainte<\/span>\n\t\t\t\t\t\t\t\t\t\t\t<\/a>\n\t\t\t\t\t\t\t\t\t<\/li>\n\t\t\t\t\t\t<\/ul>\n\t\t\t\t\t\t<\/div>\n\t\t\t\t<\/div>\n\t\t\t\t\t<\/div>\n\t\t<\/div>\n\t\t\t\t\t<\/div>\n\t\t<\/section>\n\t\t\t\t<\/div>\n\t\t","protected":false},"excerpt":{"rendered":"<p>\u00a0\u00a0\u00a0\u00a0\u00a0\u00a0\u00a0 D&rsquo;apr\u00e8s l&rsquo;article 73, point 2.b, de la loi n\u00b02017-020 relative \u00e0 la protection des donn\u00e9es \u00e0 caract\u00e8re personnel, l&rsquo;Autorit\u00e9<\/p>\n","protected":false},"author":2,"featured_media":0,"parent":0,"menu_order":0,"comment_status":"closed","ping_status":"closed","template":"","meta":{"inline_featured_image":false,"footnotes":""},"class_list":["post-16249","page","type-page","status-publish","hentry"],"_links":{"self":[{"href":"https:\/\/www.apd.mr\/fr\/wp-json\/wp\/v2\/pages\/16249","targetHints":{"allow":["GET"]}}],"collection":[{"href":"https:\/\/www.apd.mr\/fr\/wp-json\/wp\/v2\/pages"}],"about":[{"href":"https:\/\/www.apd.mr\/fr\/wp-json\/wp\/v2\/types\/page"}],"author":[{"embeddable":true,"href":"https:\/\/www.apd.mr\/fr\/wp-json\/wp\/v2\/users\/2"}],"replies":[{"embeddable":true,"href":"https:\/\/www.apd.mr\/fr\/wp-json\/wp\/v2\/comments?post=16249"}],"version-history":[{"count":26,"href":"https:\/\/www.apd.mr\/fr\/wp-json\/wp\/v2\/pages\/16249\/revisions"}],"predecessor-version":[{"id":18812,"href":"https:\/\/www.apd.mr\/fr\/wp-json\/wp\/v2\/pages\/16249\/revisions\/18812"}],"wp:attachment":[{"href":"https:\/\/www.apd.mr\/fr\/wp-json\/wp\/v2\/media?parent=16249"}],"curies":[{"name":"wp","href":"https:\/\/api.w.org\/{rel}","templated":true}]}}