{"id":17725,"date":"2023-10-17T15:26:01","date_gmt":"2023-10-17T15:26:01","guid":{"rendered":"https:\/\/www2.apd.mr\/fr\/?page_id=17725"},"modified":"2023-10-17T15:36:30","modified_gmt":"2023-10-17T15:36:30","slug":"regime-de-lautorisation","status":"publish","type":"page","link":"https:\/\/www.apd.mr\/fr\/formalites-prealables\/regime-de-lautorisation\/","title":{"rendered":"R\u00e9gime de l&rsquo;autorisation"},"content":{"rendered":"\t\t<div data-elementor-type=\"wp-page\" data-elementor-id=\"17725\" class=\"elementor elementor-17725\">\n\t\t\t\t\t\t<section class=\"wd-negative-gap elementor-section elementor-top-section elementor-element elementor-element-f1d000d elementor-section-boxed elementor-section-height-default elementor-section-height-default\" data-id=\"f1d000d\" data-element_type=\"section\" data-e-type=\"section\">\n\t\t\t\t\t\t<div class=\"elementor-container elementor-column-gap-default\">\n\t\t\t\t\t<div class=\"elementor-column elementor-col-100 elementor-top-column elementor-element elementor-element-900b694\" data-id=\"900b694\" data-element_type=\"column\" data-e-type=\"column\">\n\t\t\t<div class=\"elementor-widget-wrap elementor-element-populated\">\n\t\t\t\t\t\t<div class=\"elementor-element elementor-element-b7176aa elementor-widget elementor-widget-wd_text_block\" data-id=\"b7176aa\" data-element_type=\"widget\" data-e-type=\"widget\" data-widget_type=\"wd_text_block.default\">\n\t\t\t\t<div class=\"elementor-widget-container\">\n\t\t\t\t\t\t\t<div class=\"wd-text-block reset-last-child text-left\">\n\t\t\t\n\t\t\t<p>Ne sont mis en \u0153uvre, qu'apr\u00e8s autorisation de l' Autorit\u00e9 de Protection des Donn\u00e9es \u00e0 caract\u00e8re personnel :<\/p><ol><li>les traitements des donn\u00e9es \u00e0 caract\u00e8re personnel portant sur des donn\u00e9es g\u00e9n\u00e9tiques et sur la recherche dans le domaine de la sant\u00e9 ;<\/li><li>les traitements des donn\u00e9es \u00e0 caract\u00e8re personnel relatives aux infractions, condamnations ou mesures de s\u00fbret\u00e9 ;<\/li><li>les traitements des donn\u00e9es \u00e0 caract\u00e8re personnel ayant pour objet une interconnexion de fichiers ;<\/li><li>les traitements portant sur un num\u00e9ro national d'identification ou tout autre identifiant de port\u00e9e g\u00e9n\u00e9rale ;<\/li><li>les traitements des donn\u00e9es \u00e0 caract\u00e8re personnel comportant des donn\u00e9es biom\u00e9triques ;<\/li><li>les traitements des donn\u00e9es \u00e0 caract\u00e8re personnel ayant un motif d'int\u00e9r\u00eat public, notamment \u00e0 des fins historiques, statistiques ou scientifiques.<\/li><\/ol><p>Les traitements qui r\u00e9pondent \u00e0 une m\u00eame finalit\u00e9, portent sur des cat\u00e9gories de donn\u00e9es identiques et ayant les m\u00eames destinataires ou cat\u00e9gories de destinataires, peuvent \u00eatre autoris\u00e9s par une d\u00e9cision unique de l' Autorit\u00e9 de Protection des Donn\u00e9es \u00e0 caract\u00e8re personnel. Dans ce cas, le responsable de chaque traitement adresse \u00e0 l' Autorit\u00e9 de Protection des Donn\u00e9es \u00e0 caract\u00e8re personnel, un engagement de conformit\u00e9 de celui-ci \u00e0 la description figurant dans l'autorisation.<\/p><p>L' Autorit\u00e9 de Protection des Donn\u00e9es \u00e0 caract\u00e8re personnel se prononce dans un d\u00e9lai de deux (2) mois \u00e0 compter de la r\u00e9ception de la demande. Toutefois, ce d\u00e9lai peut \u00eatre renouvel\u00e9 une fois, sur d\u00e9cision motiv\u00e9e de son pr\u00e9sident.<\/p><p>Lorsque l' Autorit\u00e9 de Protection des Donn\u00e9es \u00e0 caract\u00e8re personnel ne s'est pas prononc\u00e9e dans ces d\u00e9lais, la demande d'autorisation est r\u00e9put\u00e9e rejet\u00e9e.<\/p>\n\t\t\t\t\t<\/div>\n\t\t\t\t\t\t<\/div>\n\t\t\t\t<\/div>\n\t\t\t\t\t<\/div>\n\t\t<\/div>\n\t\t\t\t\t<\/div>\n\t\t<\/section>\n\t\t\t\t<\/div>\n\t\t","protected":false},"excerpt":{"rendered":"<p>Ne sont mis en \u0153uvre, qu&rsquo;apr\u00e8s autorisation de l&rsquo; Autorit\u00e9 de Protection des Donn\u00e9es \u00e0 caract\u00e8re personnel : les traitements<\/p>\n","protected":false},"author":2,"featured_media":0,"parent":17711,"menu_order":0,"comment_status":"closed","ping_status":"closed","template":"","meta":{"inline_featured_image":false,"footnotes":""},"class_list":["post-17725","page","type-page","status-publish","hentry"],"_links":{"self":[{"href":"https:\/\/www.apd.mr\/fr\/wp-json\/wp\/v2\/pages\/17725","targetHints":{"allow":["GET"]}}],"collection":[{"href":"https:\/\/www.apd.mr\/fr\/wp-json\/wp\/v2\/pages"}],"about":[{"href":"https:\/\/www.apd.mr\/fr\/wp-json\/wp\/v2\/types\/page"}],"author":[{"embeddable":true,"href":"https:\/\/www.apd.mr\/fr\/wp-json\/wp\/v2\/users\/2"}],"replies":[{"embeddable":true,"href":"https:\/\/www.apd.mr\/fr\/wp-json\/wp\/v2\/comments?post=17725"}],"version-history":[{"count":4,"href":"https:\/\/www.apd.mr\/fr\/wp-json\/wp\/v2\/pages\/17725\/revisions"}],"predecessor-version":[{"id":17741,"href":"https:\/\/www.apd.mr\/fr\/wp-json\/wp\/v2\/pages\/17725\/revisions\/17741"}],"up":[{"embeddable":true,"href":"https:\/\/www.apd.mr\/fr\/wp-json\/wp\/v2\/pages\/17711"}],"wp:attachment":[{"href":"https:\/\/www.apd.mr\/fr\/wp-json\/wp\/v2\/media?parent=17725"}],"curies":[{"name":"wp","href":"https:\/\/api.w.org\/{rel}","templated":true}]}}