{"id":18033,"date":"2023-11-02T16:21:45","date_gmt":"2023-11-02T16:21:45","guid":{"rendered":"https:\/\/www2.apd.mr\/fr\/?page_id=18033"},"modified":"2025-05-07T13:00:37","modified_gmt":"2025-05-07T13:00:37","slug":"marches-publics","status":"publish","type":"page","link":"https:\/\/www.apd.mr\/fr\/marches-publics\/","title":{"rendered":"March\u00e9s publics"},"content":{"rendered":"\t\t<div data-elementor-type=\"wp-page\" data-elementor-id=\"18033\" class=\"elementor elementor-18033\">\n\t\t\t\t\t\t<section class=\"wd-negative-gap elementor-section elementor-top-section elementor-element elementor-element-4e20bf2 elementor-section-boxed elementor-section-height-default elementor-section-height-default\" data-id=\"4e20bf2\" data-element_type=\"section\" data-e-type=\"section\">\n\t\t\t\t\t\t<div class=\"elementor-container elementor-column-gap-default\">\n\t\t\t\t\t<div class=\"elementor-column elementor-col-100 elementor-top-column elementor-element elementor-element-20046af\" data-id=\"20046af\" data-element_type=\"column\" data-e-type=\"column\">\n\t\t\t<div class=\"elementor-widget-wrap elementor-element-populated\">\n\t\t\t\t\t\t<div class=\"elementor-element elementor-element-db75f46 elementor-widget__width-initial elementor-widget elementor-widget-wd_list\" data-id=\"db75f46\" data-element_type=\"widget\" data-e-type=\"widget\" data-widget_type=\"wd_list.default\">\n\t\t\t\t<div class=\"elementor-widget-container\">\n\t\t\t\t\t\t\t<ul class=\"wd-list color-scheme- wd-fontsize-m wd-type-icon wd-style-rounded text-left wd-shape-icon\">\n\t\t\t\t\t\t\t\t\t\t\t<li class=\"elementor-repeater-item-3d62213\">\n\t\t\t\t\t\t\t\t\t\t\t<span class=\"wd-icon\"><span class=\"fas fa-lock\"><\/span><\/span>\t\t\t\t\t\n\t\t\t\t\t<span class=\"wd-list-content list-content\">\n\t\t\t\t\t\t\t\t\t\t\t\t\t<a  href=\"https:\/\/marchespublics.gov.mr\/marchespublics\/paa\/67a0fa25cc1cec544846b012\" target=\"_blank\">\n\t\t\t\t\t\t\t\tPlan Annuel des Achats 2025 (Actualis\u00e9 le 24\/04\/2025)\t\t\t\t\t\t\t<\/a>\n\t\t\t\t\t\t\t\t\t\t\t<\/span>\n\t\t\t\t<\/li>\n\t\t\t\t\t\t\t\t\t\t\t<li class=\"elementor-repeater-item-149d7a1\">\n\t\t\t\t\t\t\t\t\t\t\t<span class=\"wd-icon\"><span class=\"fas fa-lock\"><\/span><\/span>\t\t\t\t\t\n\t\t\t\t\t<span class=\"wd-list-content list-content\">\n\t\t\t\t\t\t\t\t\t\t\t\t\t<a  href=\"https:\/\/armp.mr\/wp-content\/uploads\/2019\/09\/PAA-APD-actualise-202465.pdf\">\n\t\t\t\t\t\t\t\tPlan Annuel des Achats 2024 (Actualis\u00e9 le 05\/06\/2024)\t\t\t\t\t\t\t<\/a>\n\t\t\t\t\t\t\t\t\t\t\t<\/span>\n\t\t\t\t<\/li>\n\t\t\t\t\t\t\t\t\t\t\t<li class=\"elementor-repeater-item-bfe9ac8\">\n\t\t\t\t\t\t\t\t\t\t\t<span class=\"wd-icon\"><span class=\"fas fa-lock\"><\/span><\/span>\t\t\t\t\t\n\t\t\t\t\t<span class=\"wd-list-content list-content\">\n\t\t\t\t\t\t\t\t\t\t\t\t\t<a  href=\"https:\/\/www.apd.mr\/fr\/wp-content\/uploads\/2023\/11\/PPM-APD-2023-09-20.pdf\" target=\"_blank\">\n\t\t\t\t\t\t\t\tPlan Pr\u00e9visionnel de Passation des March\u00e9s pour l'ann\u00e9e 2023\t\t\t\t\t\t\t<\/a>\n\t\t\t\t\t\t\t\t\t\t\t<\/span>\n\t\t\t\t<\/li>\n\t\t\t\t\t\t\t\t\t\t\t<li class=\"elementor-repeater-item-4e38e8e\">\n\t\t\t\t\t\t\t\t\t\t\t<span class=\"wd-icon\"><span class=\"fas fa-lock\"><\/span><\/span>\t\t\t\t\t\n\t\t\t\t\t<span class=\"wd-list-content list-content\">\n\t\t\t\t\t\t\t\t\t\t\t\t\t<a  href=\"https:\/\/www.apd.mr\/fr\/wp-content\/uploads\/2024\/04\/PAA-APD-2023-08-28-Actualise.pdf\" target=\"_blank\">\n\t\t\t\t\t\t\t\tPlan Annuel des Achats 2023 (actualis\u00e9 le 28\/08\/2023)\t\t\t\t\t\t\t<\/a>\n\t\t\t\t\t\t\t\t\t\t\t<\/span>\n\t\t\t\t<\/li>\n\t\t\t\t\t<\/ul>\n\n\t\t\t\t\t\t<\/div>\n\t\t\t\t<\/div>\n\t\t\t\t\t<\/div>\n\t\t<\/div>\n\t\t\t\t\t<\/div>\n\t\t<\/section>\n\t\t\t\t<\/div>\n\t\t","protected":false},"excerpt":{"rendered":"<p>Plan Annuel des Achats 2025 (Actualis\u00e9 le 24\/04\/2025) Plan Annuel des Achats 2024 (Actualis\u00e9 le 05\/06\/2024) Plan Pr\u00e9visionnel de Passation<\/p>\n","protected":false},"author":2,"featured_media":0,"parent":0,"menu_order":0,"comment_status":"closed","ping_status":"closed","template":"","meta":{"inline_featured_image":false,"footnotes":""},"class_list":["post-18033","page","type-page","status-publish","hentry"],"_links":{"self":[{"href":"https:\/\/www.apd.mr\/fr\/wp-json\/wp\/v2\/pages\/18033","targetHints":{"allow":["GET"]}}],"collection":[{"href":"https:\/\/www.apd.mr\/fr\/wp-json\/wp\/v2\/pages"}],"about":[{"href":"https:\/\/www.apd.mr\/fr\/wp-json\/wp\/v2\/types\/page"}],"author":[{"embeddable":true,"href":"https:\/\/www.apd.mr\/fr\/wp-json\/wp\/v2\/users\/2"}],"replies":[{"embeddable":true,"href":"https:\/\/www.apd.mr\/fr\/wp-json\/wp\/v2\/comments?post=18033"}],"version-history":[{"count":57,"href":"https:\/\/www.apd.mr\/fr\/wp-json\/wp\/v2\/pages\/18033\/revisions"}],"predecessor-version":[{"id":18907,"href":"https:\/\/www.apd.mr\/fr\/wp-json\/wp\/v2\/pages\/18033\/revisions\/18907"}],"wp:attachment":[{"href":"https:\/\/www.apd.mr\/fr\/wp-json\/wp\/v2\/media?parent=18033"}],"curies":[{"name":"wp","href":"https:\/\/api.w.org\/{rel}","templated":true}]}}